{"id":201,"date":"2018-12-07T12:51:06","date_gmt":"2018-12-07T12:51:06","guid":{"rendered":"https:\/\/elearning.aviarepsconnect.com\/all-courses\/"},"modified":"2020-11-06T14:23:40","modified_gmt":"2020-11-06T14:23:40","slug":"all-courses","status":"publish","type":"page","link":"https:\/\/elearning.aviarepsconnect.com\/elearning\/all-courses\/","title":{"rendered":"All Courses"},"content":{"rendered":"\n<section class=\"wp-block-uagb-columns uagb-columns__wrap uagb-columns__background-image uagb-columns__stack-mobile uagb-columns__valign-undefined uagb-columns__gap-10 alignundefined uagb-block-58ec27a2\"><div class=\"uagb-columns__overlay\"><\/div><div class=\"uagb-columns__inner-wrap uagb-columns__columns-3\">\n<div class=\"wp-block-uagb-column uagb-column__wrap uagb-column__background-undefined uagb-block-c3d9ae8d\"><div class=\"uagb-column__overlay\"><\/div><div class=\"uagb-column__inner-wrap\">\n<p><\/p>\n<\/div><\/div>\n\n\n\n<div class=\"wp-block-uagb-column uagb-column__wrap uagb-column__background-undefined uagb-block-304ce04b\"><div class=\"uagb-column__overlay\"><\/div><div class=\"uagb-column__inner-wrap\">\n<div class=\"wp-block-uagb-info-box uagb-infobox__outer-wrap uagb-block-6abde5a1\"><div class=\"uagb-infobox__content-wrap uagb-infobox uagb-infobox-has-icon uagb-infobox-icon-above-title uagb-infobox-image-valign-top uagb-infobox-enable-border-radius \"><div class=\"uagb-ifb-left-right-wrap\"><div class=\"uagb-ifb-content\"><div class=\"uagb-ifb-title-wrap\"><h1 class=\"uagb-ifb-title\">  All Courses    <\/h1><\/div><div class=\"uagb-ifb-text-wrap\"><p class=\"uagb-ifb-desc\">  View all available courses here.  <\/p><\/div><\/div><\/div><\/div><\/div>\n<\/div><\/div>\n\n\n\n<div class=\"wp-block-uagb-column uagb-column__wrap uagb-column__background-undefined uagb-block-c1bf6a67\"><div class=\"uagb-column__overlay\"><\/div><div class=\"uagb-column__inner-wrap\"><\/div><\/div>\n<\/div><\/section>\n\n\n\n<section class=\"wp-block-uagb-section uagb-section__wrap uagb-section__background-color uagb-block-112ce73c\"><div class=\"uagb-section__overlay\"><\/div><div class=\"uagb-section__inner-wrap\"><div id=\"ld_categorydropdown\"><form method=\"get\">\n\t\t\t\t\t<label for=\"ld_categorydropdown_select\">Categories<\/label>\n\t\t\t\t\t<select id=\"ld_categorydropdown_select\" name=\"catid\" onChange=\"jQuery('#ld_categorydropdown form').submit()\"><option value=\"\">Select category<\/option><option value='2' >Free (4)<\/option><\/select><input type='submit' style='display:none'><\/form><\/div><div id=\"ld-course-list-content-a59ad82e968e82c01caece632a78af50\" class=\"ld-course-list-content\" data-shortcode-atts=\"{&quot;include_outer_wrapper&quot;:&quot;true&quot;,&quot;num&quot;:20,&quot;paged&quot;:1,&quot;post_type&quot;:&quot;sfwd-courses&quot;,&quot;post_status&quot;:&quot;publish&quot;,&quot;order&quot;:&quot;asc&quot;,&quot;orderby&quot;:&quot;ID&quot;,&quot;user_id&quot;:false,&quot;mycourses&quot;:null,&quot;mygroups&quot;:null,&quot;status&quot;:null,&quot;post__in&quot;:null,&quot;course_id&quot;:&quot;&quot;,&quot;meta_key&quot;:&quot;&quot;,&quot;meta_value&quot;:&quot;&quot;,&quot;meta_compare&quot;:&quot;&quot;,&quot;tag&quot;:&quot;&quot;,&quot;tag_id&quot;:0,&quot;tag__and&quot;:&quot;&quot;,&quot;tag__in&quot;:&quot;&quot;,&quot;tag__not_in&quot;:&quot;&quot;,&quot;tag_slug__and&quot;:&quot;&quot;,&quot;tag_slug__in&quot;:&quot;&quot;,&quot;cat&quot;:&quot;&quot;,&quot;category_name&quot;:0,&quot;category__and&quot;:&quot;&quot;,&quot;category__in&quot;:&quot;&quot;,&quot;category__not_in&quot;:&quot;&quot;,&quot;tax_compare&quot;:&quot;AND&quot;,&quot;categoryselector&quot;:&quot;true&quot;,&quot;show_thumbnail&quot;:&quot;true&quot;,&quot;show_content&quot;:&quot;true&quot;,&quot;author__in&quot;:&quot;&quot;,&quot;col&quot;:&quot;&quot;,&quot;progress_bar&quot;:&quot;true&quot;,&quot;array&quot;:false,&quot;course_grid&quot;:&quot;true&quot;,&quot;course_categoryselector&quot;:&quot;&quot;,&quot;course_cat&quot;:&quot;&quot;,&quot;course_category_name&quot;:&quot;&quot;,&quot;course_category__and&quot;:&quot;&quot;,&quot;course_category__in&quot;:&quot;&quot;,&quot;course_category__not_in&quot;:&quot;&quot;,&quot;course_tag&quot;:&quot;&quot;,&quot;course_tag_id&quot;:&quot;&quot;,&quot;course_tag__and&quot;:&quot;&quot;,&quot;course_tag__in&quot;:&quot;&quot;,&quot;course_tag__not_in&quot;:&quot;&quot;,&quot;course_tag_slug__and&quot;:&quot;&quot;,&quot;course_tag_slug__in&quot;:&quot;&quot;,&quot;course_status&quot;:null}\">\n\t\t\t<div class=\"ld-course-list-items row\">\n\t<!-- LearnDash Course Grid v1 --><div class=\"ld_course_grid col-sm-8 col-md-4 \">\n\t<article id=\"post-25474\" class=\" thumbnail course post-25474 sfwd-courses type-sfwd-courses status-publish has-post-thumbnail hentry category-free tag-elearning tag-nature tag-thuringia ld_course_category-free\">\n\t\t\t\t\t\t\t\t<div class=\"ribbon\">\n\t\t\t\tFree\t\t\t<\/div>\n\t\t\t\n\t\t\t\t\t\t<a href=\"https:\/\/elearning.aviarepsconnect.com\/elearning\/courses\/discover-thuringia\/\" rel=\"bookmark\">\n\t\t\t\t<img width=\"300\" height=\"200\" src=\"https:\/\/elearning.aviarepsconnect.com\/elearning\/wp-content\/uploads\/2020\/09\/s1933_0781-300x200.jpg\" class=\"attachment-medium size-medium wp-post-image\" alt=\"\" loading=\"lazy\" srcset=\"https:\/\/elearning.aviarepsconnect.com\/elearning\/wp-content\/uploads\/2020\/09\/s1933_0781-300x200.jpg 300w, https:\/\/elearning.aviarepsconnect.com\/elearning\/wp-content\/uploads\/2020\/09\/s1933_0781-400x267.jpg 400w, https:\/\/elearning.aviarepsconnect.com\/elearning\/wp-content\/uploads\/2020\/09\/s1933_0781.jpg 640w\" sizes=\"(max-width: 300px) 100vw, 300px\" \/>\t\t\t<\/a>\n\t\t\t\t\t\n\t\t\t\t\t<div class=\"caption\">\n\t\t\t\t<h3 class=\"entry-title\">Discover Th\u00fcringia<\/h3>\n\t\t\t\t\t\t\t\t<div class=\"entry-content\"><p>Impressive nature reserves, historic cities where famous people have left their mark, many kilometres of cycling and routes and a rich culinary tradition. Thuringia has a lot to offer and all that is only a half-day drive from the Netherlands and Belgium. <\/p>\n<p>Learn everything about this versatile region and win great prizes!<\/p>\n<\/div>\n\t\t\t\t\t\t\t\t<div class=\"ld_course_grid_button\"><a class=\"btn btn-primary\" role=\"button\" href=\"https:\/\/elearning.aviarepsconnect.com\/elearning\/courses\/discover-thuringia\/\" rel=\"bookmark\">Start the course (Dutch)<\/a><\/div>\n\t\t\t\t\t\t\t\t\t\t\t\t\t\t\t\n<div class=\"learndash-wrapper learndash-widget\">\n\t\t<div class=\"ld-progress\n\t\t\tld-progress-inline\">\n\t\t\t\t\t<div class=\"ld-progress-heading\">\n\t\t\t\t\t\t\t\t<div class=\"ld-progress-stats\">\n\t\t\t\t\t<div class=\"ld-progress-percentage ld-secondary-color\">\n\t\t\t\t\t0% Complete\t\t\t\t\t<\/div>\n\t\t\t\t\t<div class=\"ld-progress-steps\">\n\t\t\t\t\t\t0\/15 Steps\t\t\t\t\t<\/div>\n\t\t\t\t<\/div> <!--\/.ld-progress-stats-->\n\t\t\t<\/div>\n\n\t\t\t<div class=\"ld-progress-bar\">\n\t\t\t\t<div class=\"ld-progress-bar-percentage ld-secondary-background\" style=\"width:0%\"><\/div>\n\t\t\t<\/div>\n\t\t\t\t<\/div> <!--\/.ld-progress-->\n\t<\/div>\n\t\t\t\t\t\t\t\t\t\t\t\t<\/div><!-- .entry-header -->\n\t\t\t<\/article><!-- #post-## -->\n<\/div><!-- .ld_course_grid -->\n<!-- LearnDash Course Grid v1 --><div class=\"ld_course_grid col-sm-8 col-md-4 \">\n\t<article id=\"post-26534\" class=\" thumbnail course post-26534 sfwd-courses type-sfwd-courses status-publish has-post-thumbnail hentry tag-culture tag-gozo tag-island tag-malta\">\n\t\t\t\t\t\t\t\t<div class=\"ribbon free\">\n\t\t\t\tFree\t\t\t<\/div>\n\t\t\t\n\t\t\t\t\t\t<a href=\"https:\/\/elearning.aviarepsconnect.com\/elearning\/courses\/welcometomalta\/\" rel=\"bookmark\">\n\t\t\t\t<img width=\"300\" height=\"196\" src=\"https:\/\/elearning.aviarepsconnect.com\/elearning\/wp-content\/uploads\/2021\/03\/Blue-Lagoon-14-resize-300x196.jpg\" class=\"attachment-medium size-medium wp-post-image\" alt=\"\" loading=\"lazy\" srcset=\"https:\/\/elearning.aviarepsconnect.com\/elearning\/wp-content\/uploads\/2021\/03\/Blue-Lagoon-14-resize-300x196.jpg 300w, https:\/\/elearning.aviarepsconnect.com\/elearning\/wp-content\/uploads\/2021\/03\/Blue-Lagoon-14-resize-768x502.jpg 768w, https:\/\/elearning.aviarepsconnect.com\/elearning\/wp-content\/uploads\/2021\/03\/Blue-Lagoon-14-resize-400x262.jpg 400w, https:\/\/elearning.aviarepsconnect.com\/elearning\/wp-content\/uploads\/2021\/03\/Blue-Lagoon-14-resize.jpg 1000w\" sizes=\"(max-width: 300px) 100vw, 300px\" \/>\t\t\t<\/a>\n\t\t\t\t\t\n\t\t\t\t\t<div class=\"caption\">\n\t\t\t\t<h3 class=\"entry-title\">Malta, the cultural treasure trove of the Mediterranean<\/h3>\n\t\t\t\t\t\t\t\t<div class=\"entry-content\"><p>Malta may be small, but it is one of the most versatile islands in Europe! The island has an enormous cultural wealth, a colorful underwater world, a cuisine that reflects the influences of many conquerors and a vibrant nightlife.<\/p>\n<\/div>\n\t\t\t\t\t\t\t\t<div class=\"ld_course_grid_button\"><a class=\"btn btn-primary\" role=\"button\" href=\"https:\/\/elearning.aviarepsconnect.com\/elearning\/courses\/welcometomalta\/\" rel=\"bookmark\">Start the course (Dutch)<\/a><\/div>\n\t\t\t\t\t\t\t\t\t\t\t\t\t\t\t\n<div class=\"learndash-wrapper learndash-widget\">\n\t\t<div class=\"ld-progress\n\t\t\tld-progress-inline\">\n\t\t\t\t\t<div class=\"ld-progress-heading\">\n\t\t\t\t\t\t\t\t<div class=\"ld-progress-stats\">\n\t\t\t\t\t<div class=\"ld-progress-percentage ld-secondary-color\">\n\t\t\t\t\t0% Complete\t\t\t\t\t<\/div>\n\t\t\t\t\t<div class=\"ld-progress-steps\">\n\t\t\t\t\t\t0\/30 Steps\t\t\t\t\t<\/div>\n\t\t\t\t<\/div> <!--\/.ld-progress-stats-->\n\t\t\t<\/div>\n\n\t\t\t<div class=\"ld-progress-bar\">\n\t\t\t\t<div class=\"ld-progress-bar-percentage ld-secondary-background\" style=\"width:0%\"><\/div>\n\t\t\t<\/div>\n\t\t\t\t<\/div> <!--\/.ld-progress-->\n\t<\/div>\n\t\t\t\t\t\t\t\t\t\t\t\t<\/div><!-- .entry-header -->\n\t\t\t<\/article><!-- #post-## -->\n<\/div><!-- .ld_course_grid -->\n<!-- LearnDash Course Grid v1 --><div class=\"ld_course_grid col-sm-8 col-md-4 \">\n\t<article id=\"post-26771\" class=\" thumbnail course post-26771 sfwd-courses type-sfwd-courses status-publish has-post-thumbnail hentry category-free tag-costa-brava tag-elearning tag-premium tag-spain ld_course_category-free\">\n\t\t\t\t\t\t\t\t<div class=\"ribbon\">\n\t\t\t\tFree\t\t\t<\/div>\n\t\t\t\n\t\t\t\t\t\t<a href=\"https:\/\/elearning.aviarepsconnect.com\/elearning\/courses\/premium-costabrava\/\" rel=\"bookmark\">\n\t\t\t\t<img width=\"300\" height=\"200\" src=\"https:\/\/elearning.aviarepsconnect.com\/elearning\/wp-content\/uploads\/2021\/04\/Cadaques.-Maria-Geli-Pilar-Planaguma.-Arxiu-Imatges-PTCBG-300x200.jpg\" class=\"attachment-medium size-medium wp-post-image\" alt=\"\" loading=\"lazy\" srcset=\"https:\/\/elearning.aviarepsconnect.com\/elearning\/wp-content\/uploads\/2021\/04\/Cadaques.-Maria-Geli-Pilar-Planaguma.-Arxiu-Imatges-PTCBG-300x200.jpg 300w, https:\/\/elearning.aviarepsconnect.com\/elearning\/wp-content\/uploads\/2021\/04\/Cadaques.-Maria-Geli-Pilar-Planaguma.-Arxiu-Imatges-PTCBG-768x512.jpg 768w, https:\/\/elearning.aviarepsconnect.com\/elearning\/wp-content\/uploads\/2021\/04\/Cadaques.-Maria-Geli-Pilar-Planaguma.-Arxiu-Imatges-PTCBG-400x267.jpg 400w, https:\/\/elearning.aviarepsconnect.com\/elearning\/wp-content\/uploads\/2021\/04\/Cadaques.-Maria-Geli-Pilar-Planaguma.-Arxiu-Imatges-PTCBG.jpg 1024w\" sizes=\"(max-width: 300px) 100vw, 300px\" \/>\t\t\t<\/a>\n\t\t\t\t\t\n\t\t\t\t\t<div class=\"caption\">\n\t\t\t\t<h3 class=\"entry-title\">There is more than one Costa Brava<\/h3>\n\t\t\t\t\t\t\t\t<div class=\"entry-content\"><p>Wonderful, amazing, extraordinary, stunning, thrilling. It is impossible to choose just one adjective to convey all the charms of the Costa Brava and the Girona Pyrenees. <\/p>\n<p>Learn all about the extraordinary experiences in Costa Brava and have a chance to win a spot in the Famtrip scheduled for spring 2022!<\/p>\n<\/div>\n\t\t\t\t\t\t\t\t<div class=\"ld_course_grid_button\"><a class=\"btn btn-primary\" role=\"button\" href=\"https:\/\/elearning.aviarepsconnect.com\/elearning\/courses\/premium-costabrava\/\" rel=\"bookmark\">Start the course (English)<\/a><\/div>\n\t\t\t\t\t\t\t\t\t\t\t\t\t\t\t\n<div class=\"learndash-wrapper learndash-widget\">\n\t\t<div class=\"ld-progress\n\t\t\tld-progress-inline\">\n\t\t\t\t\t<div class=\"ld-progress-heading\">\n\t\t\t\t\t\t\t\t<div class=\"ld-progress-stats\">\n\t\t\t\t\t<div class=\"ld-progress-percentage ld-secondary-color\">\n\t\t\t\t\t0% Complete\t\t\t\t\t<\/div>\n\t\t\t\t\t<div class=\"ld-progress-steps\">\n\t\t\t\t\t\t0\/20 Steps\t\t\t\t\t<\/div>\n\t\t\t\t<\/div> <!--\/.ld-progress-stats-->\n\t\t\t<\/div>\n\n\t\t\t<div class=\"ld-progress-bar\">\n\t\t\t\t<div class=\"ld-progress-bar-percentage ld-secondary-background\" style=\"width:0%\"><\/div>\n\t\t\t<\/div>\n\t\t\t\t<\/div> <!--\/.ld-progress-->\n\t<\/div>\n\t\t\t\t\t\t\t\t\t\t\t\t<\/div><!-- .entry-header -->\n\t\t\t<\/article><!-- #post-## -->\n<\/div><!-- .ld_course_grid -->\n<!-- LearnDash Course Grid v1 --><div class=\"ld_course_grid col-sm-8 col-md-4 \">\n\t<article id=\"post-26906\" class=\" thumbnail course post-26906 sfwd-courses type-sfwd-courses status-publish has-post-thumbnail hentry\">\n\t\t\t\t\t\t\t\t<div class=\"ribbon\">\n\t\t\t\tFree\t\t\t<\/div>\n\t\t\t\n\t\t\t\t\t\t<a href=\"https:\/\/elearning.aviarepsconnect.com\/elearning\/courses\/aviareps-virtual-events\/\" rel=\"bookmark\">\n\t\t\t\t<img width=\"300\" height=\"112\" src=\"https:\/\/elearning.aviarepsconnect.com\/elearning\/wp-content\/uploads\/2021\/04\/front-image-300x112.png\" class=\"attachment-medium size-medium wp-post-image\" alt=\"\" loading=\"lazy\" srcset=\"https:\/\/elearning.aviarepsconnect.com\/elearning\/wp-content\/uploads\/2021\/04\/front-image-300x112.png 300w, https:\/\/elearning.aviarepsconnect.com\/elearning\/wp-content\/uploads\/2021\/04\/front-image-1024x381.png 1024w, https:\/\/elearning.aviarepsconnect.com\/elearning\/wp-content\/uploads\/2021\/04\/front-image-768x285.png 768w, https:\/\/elearning.aviarepsconnect.com\/elearning\/wp-content\/uploads\/2021\/04\/front-image-400x149.png 400w, https:\/\/elearning.aviarepsconnect.com\/elearning\/wp-content\/uploads\/2021\/04\/front-image.png 1216w\" sizes=\"(max-width: 300px) 100vw, 300px\" \/>\t\t\t<\/a>\n\t\t\t\t\t\n\t\t\t\t\t<div class=\"caption\">\n\t\t\t\t<h3 class=\"entry-title\">AVIAREPS Virtual Events<\/h3>\n\t\t\t\t\t\t\t\t<div class=\"entry-content\"><p>Learn all about the Virtual events and find out how it works.<\/p>\n<\/div>\n\t\t\t\t\t\t\t\t<div class=\"ld_course_grid_button\"><a class=\"btn btn-primary\" role=\"button\" href=\"https:\/\/elearning.aviarepsconnect.com\/elearning\/courses\/aviareps-virtual-events\/\" rel=\"bookmark\">Enroll Now<\/a><\/div>\n\t\t\t\t\t\t\t\t\t\t\t\t\t\t\t\n<div class=\"learndash-wrapper learndash-widget\">\n\t\t<div class=\"ld-progress\n\t\t\tld-progress-inline\">\n\t\t\t\t\t<div class=\"ld-progress-heading\">\n\t\t\t\t\t\t\t\t<div class=\"ld-progress-stats\">\n\t\t\t\t\t<div class=\"ld-progress-percentage ld-secondary-color\">\n\t\t\t\t\t0% Complete\t\t\t\t\t<\/div>\n\t\t\t\t\t<div class=\"ld-progress-steps\">\n\t\t\t\t\t\t0\/15 Steps\t\t\t\t\t<\/div>\n\t\t\t\t<\/div> <!--\/.ld-progress-stats-->\n\t\t\t<\/div>\n\n\t\t\t<div class=\"ld-progress-bar\">\n\t\t\t\t<div class=\"ld-progress-bar-percentage ld-secondary-background\" style=\"width:0%\"><\/div>\n\t\t\t<\/div>\n\t\t\t\t<\/div> <!--\/.ld-progress-->\n\t<\/div>\n\t\t\t\t\t\t\t\t\t\t\t\t<\/div><!-- .entry-header -->\n\t\t\t<\/article><!-- #post-## -->\n<\/div><!-- .ld_course_grid -->\n<!-- LearnDash Course Grid v1 --><div class=\"ld_course_grid col-sm-8 col-md-4 \">\n\t<article id=\"post-27370\" class=\" thumbnail course post-27370 sfwd-courses type-sfwd-courses status-publish has-post-thumbnail hentry category-free ld_course_category-free\">\n\t\t\t\t\t\t\t\t<div class=\"ribbon\">\n\t\t\t\tFree\t\t\t<\/div>\n\t\t\t\n\t\t\t\t\t\t<a href=\"https:\/\/elearning.aviarepsconnect.com\/elearning\/courses\/visit-estland\/\" rel=\"bookmark\">\n\t\t\t\t<img width=\"300\" height=\"169\" src=\"https:\/\/elearning.aviarepsconnect.com\/elearning\/wp-content\/uploads\/2022\/05\/tornid_ja_linnamuur_kaupo_kalda_2016-1-300x169.jpg\" class=\"attachment-medium size-medium wp-post-image\" alt=\"\" loading=\"lazy\" srcset=\"https:\/\/elearning.aviarepsconnect.com\/elearning\/wp-content\/uploads\/2022\/05\/tornid_ja_linnamuur_kaupo_kalda_2016-1-300x169.jpg 300w, https:\/\/elearning.aviarepsconnect.com\/elearning\/wp-content\/uploads\/2022\/05\/tornid_ja_linnamuur_kaupo_kalda_2016-1-1024x576.jpg 1024w, https:\/\/elearning.aviarepsconnect.com\/elearning\/wp-content\/uploads\/2022\/05\/tornid_ja_linnamuur_kaupo_kalda_2016-1-768x432.jpg 768w, https:\/\/elearning.aviarepsconnect.com\/elearning\/wp-content\/uploads\/2022\/05\/tornid_ja_linnamuur_kaupo_kalda_2016-1-1536x864.jpg 1536w, https:\/\/elearning.aviarepsconnect.com\/elearning\/wp-content\/uploads\/2022\/05\/tornid_ja_linnamuur_kaupo_kalda_2016-1-400x225.jpg 400w, https:\/\/elearning.aviarepsconnect.com\/elearning\/wp-content\/uploads\/2022\/05\/tornid_ja_linnamuur_kaupo_kalda_2016-1.jpg 1930w\" sizes=\"(max-width: 300px) 100vw, 300px\" \/>\t\t\t<\/a>\n\t\t\t\t\t\n\t\t\t\t\t<div class=\"caption\">\n\t\t\t\t<h3 class=\"entry-title\">Ontdek alles wat het veelzijdige Estland te bieden heeft (Dutch version)<\/h3>\n\t\t\t\t\t\t\t\t<div class=\"entry-content\"><p>Estland heeft alles wat je van een aantrekkelijk vakantieland verwacht. Van ongerepte natuur tot culturele hotspots en van talloze mogelijkheden voor sportievelingen tot de mooiste wellness-plekken om helemaal tot rust te komen.<\/p>\n<\/div>\n\t\t\t\t\t\t\t\t<div class=\"ld_course_grid_button\"><a class=\"btn btn-primary\" role=\"button\" href=\"https:\/\/elearning.aviarepsconnect.com\/elearning\/courses\/visit-estland\/\" rel=\"bookmark\">Enroll Now<\/a><\/div>\n\t\t\t\t\t\t\t\t\t\t\t\t\t\t\t\n<div class=\"learndash-wrapper learndash-widget\">\n\t\t<div class=\"ld-progress\n\t\t\tld-progress-inline\">\n\t\t\t\t\t<div class=\"ld-progress-heading\">\n\t\t\t\t\t\t\t\t<div class=\"ld-progress-stats\">\n\t\t\t\t\t<div class=\"ld-progress-percentage ld-secondary-color\">\n\t\t\t\t\t0% Complete\t\t\t\t\t<\/div>\n\t\t\t\t\t<div class=\"ld-progress-steps\">\n\t\t\t\t\t\t0\/11 Steps\t\t\t\t\t<\/div>\n\t\t\t\t<\/div> <!--\/.ld-progress-stats-->\n\t\t\t<\/div>\n\n\t\t\t<div class=\"ld-progress-bar\">\n\t\t\t\t<div class=\"ld-progress-bar-percentage ld-secondary-background\" style=\"width:0%\"><\/div>\n\t\t\t<\/div>\n\t\t\t\t<\/div> <!--\/.ld-progress-->\n\t<\/div>\n\t\t\t\t\t\t\t\t\t\t\t\t<\/div><!-- .entry-header -->\n\t\t\t<\/article><!-- #post-## -->\n<\/div><!-- .ld_course_grid -->\n<!-- LearnDash Course Grid v1 --><div class=\"ld_course_grid col-sm-8 col-md-4 \">\n\t<article id=\"post-27603\" class=\" thumbnail course post-27603 sfwd-courses type-sfwd-courses status-publish has-post-thumbnail hentry category-free ld_course_category-free\">\n\t\t\t\t\t\t\t\t<div class=\"ribbon\">\n\t\t\t\tFree\t\t\t<\/div>\n\t\t\t\n\t\t\t\t\t\t<a href=\"https:\/\/elearning.aviarepsconnect.com\/elearning\/courses\/decouvrez-lestonie\/\" rel=\"bookmark\">\n\t\t\t\t<img width=\"300\" height=\"200\" src=\"https:\/\/elearning.aviarepsconnect.com\/elearning\/wp-content\/uploads\/2022\/05\/Soomaa-National-park-sunlight_Sven-Zacek-300x200.jpg\" class=\"attachment-medium size-medium wp-post-image\" alt=\"\" loading=\"lazy\" srcset=\"https:\/\/elearning.aviarepsconnect.com\/elearning\/wp-content\/uploads\/2022\/05\/Soomaa-National-park-sunlight_Sven-Zacek-300x200.jpg 300w, https:\/\/elearning.aviarepsconnect.com\/elearning\/wp-content\/uploads\/2022\/05\/Soomaa-National-park-sunlight_Sven-Zacek-1024x684.jpg 1024w, https:\/\/elearning.aviarepsconnect.com\/elearning\/wp-content\/uploads\/2022\/05\/Soomaa-National-park-sunlight_Sven-Zacek-768x513.jpg 768w, https:\/\/elearning.aviarepsconnect.com\/elearning\/wp-content\/uploads\/2022\/05\/Soomaa-National-park-sunlight_Sven-Zacek-1536x1025.jpg 1536w, https:\/\/elearning.aviarepsconnect.com\/elearning\/wp-content\/uploads\/2022\/05\/Soomaa-National-park-sunlight_Sven-Zacek-400x267.jpg 400w, https:\/\/elearning.aviarepsconnect.com\/elearning\/wp-content\/uploads\/2022\/05\/Soomaa-National-park-sunlight_Sven-Zacek.jpg 1772w\" sizes=\"(max-width: 300px) 100vw, 300px\" \/>\t\t\t<\/a>\n\t\t\t\t\t\n\t\t\t\t\t<div class=\"caption\">\n\t\t\t\t<h3 class=\"entry-title\">D\u00e9couvrez tout ce que l&#8217;Estonie polyvalente a \u00e0 offrir (French version)<\/h3>\n\t\t\t\t\t\t\t\t<div class=\"entry-content\"><p>L'Estonie a tout de ce que vous pouvez attendre d'une destination de vacances attrayante : une nature intacte, des mus\u00e9es et attractions culturelles, des possibilit\u00e9s innombrables d'activit\u00e9s sportives pour les aventuriers et des lieux de bien-\u00eatre pour se d\u00e9tendre compl\u00e8tement.<\/p>\n<\/div>\n\t\t\t\t\t\t\t\t<div class=\"ld_course_grid_button\"><a class=\"btn btn-primary\" role=\"button\" href=\"https:\/\/elearning.aviarepsconnect.com\/elearning\/courses\/decouvrez-lestonie\/\" rel=\"bookmark\">Enroll Now<\/a><\/div>\n\t\t\t\t\t\t\t\t\t\t\t\t\t\t\t\n<div class=\"learndash-wrapper learndash-widget\">\n\t\t<div class=\"ld-progress\n\t\t\tld-progress-inline\">\n\t\t\t\t\t<div class=\"ld-progress-heading\">\n\t\t\t\t\t\t\t\t<div class=\"ld-progress-stats\">\n\t\t\t\t\t<div class=\"ld-progress-percentage ld-secondary-color\">\n\t\t\t\t\t0% Complete\t\t\t\t\t<\/div>\n\t\t\t\t\t<div class=\"ld-progress-steps\">\n\t\t\t\t\t\t0\/11 Steps\t\t\t\t\t<\/div>\n\t\t\t\t<\/div> <!--\/.ld-progress-stats-->\n\t\t\t<\/div>\n\n\t\t\t<div class=\"ld-progress-bar\">\n\t\t\t\t<div class=\"ld-progress-bar-percentage ld-secondary-background\" style=\"width:0%\"><\/div>\n\t\t\t<\/div>\n\t\t\t\t<\/div> <!--\/.ld-progress-->\n\t<\/div>\n\t\t\t\t\t\t\t\t\t\t\t\t<\/div><!-- .entry-header -->\n\t\t\t<\/article><!-- #post-## -->\n<\/div><!-- .ld_course_grid -->\n\t<\/div>\n\t\t\t<\/div>\n\t\t\n<\/div><\/section>\n\n\n\n<section class=\"wp-block-uagb-columns uagb-columns__wrap uagb-columns__background-color uagb-columns__stack-mobile uagb-columns__valign-undefined uagb-columns__gap-10 alignundefined uagb-block-08534cf6\"><div class=\"uagb-columns__overlay\"><\/div><div class=\"uagb-columns__inner-wrap uagb-columns__columns-3\">\n<div class=\"wp-block-uagb-column uagb-column__wrap uagb-column__background-undefined uagb-block-b125de77\"><div class=\"uagb-column__overlay\"><\/div><div class=\"uagb-column__inner-wrap\">\n<p class=\"has-black-color has-text-color\"><a href=\"https:\/\/www.aviareps.com\/elearning\/\" data-type=\"URL\" data-id=\"https:\/\/www.aviareps.com\/elearning\/\">Home<\/a> <br><a href=\"https:\/\/www.aviareps.com\/elearning\/all-courses\/\">All Courses<\/a><br><a href=\"https:\/\/www.aviareps.com\/elearning\/about\/\">About<\/a><br><a href=\"https:\/\/www.aviareps.com\/elearning\/contact\/\">Contact<\/a><br><a href=\"https:\/\/www.aviareps.com\/elearning\/my-account\/\" data-type=\"URL\" data-id=\"https:\/\/www.aviareps.com\/elearning\/my-account\/\">My account <\/a><\/p>\n<\/div><\/div>\n\n\n\n<div class=\"wp-block-uagb-column uagb-column__wrap uagb-column__background-undefined uagb-block-d08ba02f\"><div class=\"uagb-column__overlay\"><\/div><div class=\"uagb-column__inner-wrap\">\n<p class=\"has-text-align-center has-black-color has-text-color\"><span style=\"text-decoration: underline;\">Contact<\/span> <\/p>\n\n\n\n<div class=\"wp-block-uagb-icon-list uagb-icon-list__outer-wrap uagb-icon-list__layout-vertical uagb-block-7bd99032\"><div class=\"uagb-icon-list__wrap\">\n<div class=\"wp-block-uagb-icon-list-child uagb-icon-list-repeater uagb-icon-list__wrapper uagb-block-36ee5776\"><div class=\"uagb-icon-list__content-wrap\"><span class=\"uagb-icon-list__source-wrap\"><span class=\"uagb-icon-list__source-icon\"><svg xmlns=\"http:\/\/www.w3.org\/2000\/svg\" viewbox=\"0 0 512 512\"><path d=\"M493.4 24.6l-104-24c-11.3-2.6-22.9 3.3-27.5 13.9l-48 112c-4.2 9.8-1.4 21.3 6.9 28l60.6 49.6c-36 76.7-98.9 140.5-177.2 177.2l-49.6-60.6c-6.8-8.3-18.2-11.1-28-6.9l-112 48C3.9 366.5-2 378.1.6 389.4l24 104C27.1 504.2 36.7 512 48 512c256.1 0 464-207.5 464-464 0-11.2-7.7-20.9-18.6-23.4z\"><\/path><\/svg><\/span><\/span><div class=\"uagb-icon-list__label-wrap\"><span class=\"uagb-icon-list__label\">+31(0)20-6541565<\/span><\/div><\/div><\/div>\n\n\n\n<div class=\"wp-block-uagb-icon-list-child uagb-icon-list-repeater uagb-icon-list__wrapper uagb-block-62421ff2\"><div class=\"uagb-icon-list__content-wrap\"><span class=\"uagb-icon-list__source-wrap\"><span class=\"uagb-icon-list__source-icon\"><svg xmlns=\"http:\/\/www.w3.org\/2000\/svg\" viewbox=\"0 0 512 512\"><path d=\"M502.3 190.8c3.9-3.1 9.7-.2 9.7 4.7V400c0 26.5-21.5 48-48 48H48c-26.5 0-48-21.5-48-48V195.6c0-5 5.7-7.8 9.7-4.7 22.4 17.4 52.1 39.5 154.1 113.6 21.1 15.4 56.7 47.8 92.2 47.6 35.7.3 72-32.8 92.3-47.6 102-74.1 131.6-96.3 154-113.7zM256 320c23.2.4 56.6-29.2 73.4-41.4 132.7-96.3 142.8-104.7 173.4-128.7 5.8-4.5 9.2-11.5 9.2-18.9v-19c0-26.5-21.5-48-48-48H48C21.5 64 0 85.5 0 112v19c0 7.4 3.4 14.3 9.2 18.9 30.6 23.9 40.7 32.4 173.4 128.7 16.8 12.2 50.2 41.8 73.4 41.4z\"><\/path><\/svg><\/span><\/span><div class=\"uagb-icon-list__label-wrap\"><span class=\"uagb-icon-list__label\">e-learning@aviareps.com<\/span><\/div><\/div><\/div>\n<\/div><\/div>\n<\/div><\/div>\n\n\n\n<div class=\"wp-block-uagb-column uagb-column__wrap uagb-column__background-undefined uagb-block-7425fc2b\"><div class=\"uagb-column__overlay\"><\/div><div class=\"uagb-column__inner-wrap\"><\/div><\/div>\n<\/div><\/section>\n\n\n\n<p><\/p>\n","protected":false},"excerpt":{"rendered":"","protected":false},"author":1,"featured_media":0,"parent":0,"menu_order":0,"comment_status":"closed","ping_status":"closed","template":"","meta":[],"uagb_featured_image_src":{"full":false,"thumbnail":false,"medium":false,"medium_large":false,"large":false,"1536x1536":false,"2048x2048":false},"uagb_author_info":{"display_name":"elearning","author_link":"https:\/\/elearning.aviarepsconnect.com\/elearning\/author\/elearning\/"},"uagb_comment_info":0,"uagb_excerpt":null,"_links":{"self":[{"href":"https:\/\/elearning.aviarepsconnect.com\/elearning\/wp-json\/wp\/v2\/pages\/201"}],"collection":[{"href":"https:\/\/elearning.aviarepsconnect.com\/elearning\/wp-json\/wp\/v2\/pages"}],"about":[{"href":"https:\/\/elearning.aviarepsconnect.com\/elearning\/wp-json\/wp\/v2\/types\/page"}],"author":[{"embeddable":true,"href":"https:\/\/elearning.aviarepsconnect.com\/elearning\/wp-json\/wp\/v2\/users\/1"}],"replies":[{"embeddable":true,"href":"https:\/\/elearning.aviarepsconnect.com\/elearning\/wp-json\/wp\/v2\/comments?post=201"}],"version-history":[{"count":6,"href":"https:\/\/elearning.aviarepsconnect.com\/elearning\/wp-json\/wp\/v2\/pages\/201\/revisions"}],"predecessor-version":[{"id":26218,"href":"https:\/\/elearning.aviarepsconnect.com\/elearning\/wp-json\/wp\/v2\/pages\/201\/revisions\/26218"}],"wp:attachment":[{"href":"https:\/\/elearning.aviarepsconnect.com\/elearning\/wp-json\/wp\/v2\/media?parent=201"}],"curies":[{"name":"wp","href":"https:\/\/api.w.org\/{rel}","templated":true}]}}